{"id":21573,"date":"2023-04-04T12:17:42","date_gmt":"2023-04-04T12:17:42","guid":{"rendered":"https:\/\/yfer.es\/?page_id=21573"},"modified":"2024-02-26T10:29:22","modified_gmt":"2024-02-26T10:29:22","slug":"mueble-cat","status":"publish","type":"page","link":"https:\/\/yfer.es\/index.php\/mueble-cat\/","title":{"rendered":"Mueble"},"content":{"rendered":"<p><div class=\"fusion-fullwidth fullwidth-box fusion-builder-row-1 fusion-flex-container has-pattern-background has-mask-background nonhundred-percent-fullwidth non-hundred-percent-height-scrolling\" style=\"--awb-border-radius-top-left:0px;--awb-border-radius-top-right:0px;--awb-border-radius-bottom-right:0px;--awb-border-radius-bottom-left:0px;--awb-flex-wrap:wrap;\" ><div class=\"fusion-builder-row fusion-row fusion-flex-align-items-flex-start fusion-flex-content-wrap\" style=\"max-width:1216.8px;margin-left: calc(-4% \/ 2 );margin-right: calc(-4% \/ 2 );\"><div class=\"fusion-layout-column fusion_builder_column fusion-builder-column-0 fusion_builder_column_1_1 1_1 fusion-flex-column\" style=\"--awb-bg-size:cover;--awb-width-large:100%;--awb-margin-top-large:15px;--awb-spacing-right-large:1.92%;--awb-margin-bottom-large:15px;--awb-spacing-left-large:1.92%;--awb-width-medium:100%;--awb-order-medium:0;--awb-spacing-right-medium:1.92%;--awb-spacing-left-medium:1.92%;--awb-width-small:100%;--awb-order-small:0;--awb-spacing-right-small:1.92%;--awb-spacing-left-small:1.92%;\"><div class=\"fusion-column-wrapper fusion-column-has-shadow fusion-flex-justify-content-flex-start fusion-content-layout-column\"><div class=\"woocommerce columns-4\"><ul class=\"products clearfix products-4\">\n<li class=\"product-category product first product-grid-view\">\n\t<div class=\"fusion-product-wrapper\">\n<a aria-label=\"Visitar la categor\u00eda de producto Bisagras Mueble\" href=\"https:\/\/yfer.es\/index.php\/categoria-producto\/mueble\/bisagras-mueble\/\"><img class=\"lazyload\" decoding=\"async\" src=\"https:\/\/yfer.es\/wp-content\/uploads\/2023\/04\/bisagras_mueble.jpg\" data-orig-src=\"https:\/\/yfer.es\/wp-content\/uploads\/2023\/04\/bisagras_mueble.jpg\" alt=\"Bisagras Mueble\" width=\"500\" height=\"\" srcset=\"data:image\/gif;base64,R0lGODlhAQABAAAAACH5BAEKAAEALAAAAAABAAEAAAICTAEAOw==\" data-srcset=\"https:\/\/yfer.es\/wp-content\/uploads\/2023\/04\/bisagras_mueble-66x66.jpg 66w, https:\/\/yfer.es\/wp-content\/uploads\/2023\/04\/bisagras_mueble-150x150.jpg 150w, https:\/\/yfer.es\/wp-content\/uploads\/2023\/04\/bisagras_mueble-200x200.jpg 200w, https:\/\/yfer.es\/wp-content\/uploads\/2023\/04\/bisagras_mueble-300x300.jpg 300w, https:\/\/yfer.es\/wp-content\/uploads\/2023\/04\/bisagras_mueble-400x400.jpg 400w, https:\/\/yfer.es\/wp-content\/uploads\/2023\/04\/bisagras_mueble.jpg 500w\" data-sizes=\"auto\" data-orig-sizes=\"(max-width: 500px) 100vw, 500px\" \/>\t\t<h2 class=\"woocommerce-loop-category__title\">\n\t\t\tBisagras Mueble\t\t<\/h2>\n\t\t<\/a><\/div>\n<\/li>\n<li class=\"product-category product product-grid-view\">\n\t<div class=\"fusion-product-wrapper\">\n<a aria-label=\"Visitar la categor\u00eda de producto Bisagras Cazoleta\" href=\"https:\/\/yfer.es\/index.php\/categoria-producto\/mueble\/bisagras-cazoleta\/\"><img class=\"lazyload\" decoding=\"async\" src=\"https:\/\/yfer.es\/wp-content\/uploads\/2023\/04\/bisagra-cazoleta.jpg\" data-orig-src=\"https:\/\/yfer.es\/wp-content\/uploads\/2023\/04\/bisagra-cazoleta.jpg\" alt=\"Bisagras Cazoleta\" width=\"500\" height=\"\" srcset=\"data:image\/gif;base64,R0lGODlhAQABAAAAACH5BAEKAAEALAAAAAABAAEAAAICTAEAOw==\" data-srcset=\"https:\/\/yfer.es\/wp-content\/uploads\/2023\/04\/bisagra-cazoleta-66x66.jpg 66w, https:\/\/yfer.es\/wp-content\/uploads\/2023\/04\/bisagra-cazoleta-150x150.jpg 150w, https:\/\/yfer.es\/wp-content\/uploads\/2023\/04\/bisagra-cazoleta-200x200.jpg 200w, https:\/\/yfer.es\/wp-content\/uploads\/2023\/04\/bisagra-cazoleta-300x300.jpg 300w, https:\/\/yfer.es\/wp-content\/uploads\/2023\/04\/bisagra-cazoleta-400x400.jpg 400w, https:\/\/yfer.es\/wp-content\/uploads\/2023\/04\/bisagra-cazoleta.jpg 500w\" data-sizes=\"auto\" data-orig-sizes=\"(max-width: 500px) 100vw, 500px\" \/>\t\t<h2 class=\"woocommerce-loop-category__title\">\n\t\t\tBisagras Cazoleta\t\t<\/h2>\n\t\t<\/a><\/div>\n<\/li>\n<li class=\"product-category product product-grid-view\">\n\t<div class=\"fusion-product-wrapper\">\n<a aria-label=\"Visitar la categor\u00eda de producto Gu\u00edas mueble\" href=\"https:\/\/yfer.es\/index.php\/categoria-producto\/mueble\/guias-mueble\/\"><img class=\"lazyload\" decoding=\"async\" src=\"https:\/\/yfer.es\/wp-content\/uploads\/2023\/04\/guias_mueble.jpg\" data-orig-src=\"https:\/\/yfer.es\/wp-content\/uploads\/2023\/04\/guias_mueble.jpg\" alt=\"Gu\u00edas mueble\" width=\"500\" height=\"\" srcset=\"data:image\/gif;base64,R0lGODlhAQABAAAAACH5BAEKAAEALAAAAAABAAEAAAICTAEAOw==\" data-srcset=\"https:\/\/yfer.es\/wp-content\/uploads\/2023\/04\/guias_mueble-66x66.jpg 66w, https:\/\/yfer.es\/wp-content\/uploads\/2023\/04\/guias_mueble-150x150.jpg 150w, https:\/\/yfer.es\/wp-content\/uploads\/2023\/04\/guias_mueble-200x200.jpg 200w, https:\/\/yfer.es\/wp-content\/uploads\/2023\/04\/guias_mueble-300x300.jpg 300w, https:\/\/yfer.es\/wp-content\/uploads\/2023\/04\/guias_mueble-400x400.jpg 400w, https:\/\/yfer.es\/wp-content\/uploads\/2023\/04\/guias_mueble.jpg 500w\" data-sizes=\"auto\" data-orig-sizes=\"(max-width: 500px) 100vw, 500px\" \/>\t\t<h2 class=\"woocommerce-loop-category__title\">\n\t\t\tGu\u00edas mueble\t\t<\/h2>\n\t\t<\/a><\/div>\n<\/li>\n<li class=\"product-category product last product-grid-view\">\n\t<div class=\"fusion-product-wrapper\">\n<a aria-label=\"Visitar la categor\u00eda de producto Ensambles Mueble\" href=\"https:\/\/yfer.es\/index.php\/categoria-producto\/mueble\/ensambles-mueble\/\"><img class=\"lazyload\" decoding=\"async\" src=\"https:\/\/yfer.es\/wp-content\/uploads\/2023\/04\/ensambles_mueble.jpg\" data-orig-src=\"https:\/\/yfer.es\/wp-content\/uploads\/2023\/04\/ensambles_mueble.jpg\" alt=\"Ensambles Mueble\" width=\"500\" height=\"\" srcset=\"data:image\/gif;base64,R0lGODlhAQABAAAAACH5BAEKAAEALAAAAAABAAEAAAICTAEAOw==\" data-srcset=\"https:\/\/yfer.es\/wp-content\/uploads\/2023\/04\/ensambles_mueble-66x66.jpg 66w, https:\/\/yfer.es\/wp-content\/uploads\/2023\/04\/ensambles_mueble-150x150.jpg 150w, https:\/\/yfer.es\/wp-content\/uploads\/2023\/04\/ensambles_mueble-200x200.jpg 200w, https:\/\/yfer.es\/wp-content\/uploads\/2023\/04\/ensambles_mueble-300x300.jpg 300w, https:\/\/yfer.es\/wp-content\/uploads\/2023\/04\/ensambles_mueble-400x400.jpg 400w, https:\/\/yfer.es\/wp-content\/uploads\/2023\/04\/ensambles_mueble.jpg 500w\" data-sizes=\"auto\" data-orig-sizes=\"(max-width: 500px) 100vw, 500px\" \/>\t\t<h2 class=\"woocommerce-loop-category__title\">\n\t\t\tEnsambles Mueble\t\t<\/h2>\n\t\t<\/a><\/div>\n<\/li>\n<li class=\"product-category product first product-grid-view\">\n\t<div class=\"fusion-product-wrapper\">\n<a aria-label=\"Visitar la categor\u00eda de producto Colgadores \u00b7 Estantes\" href=\"https:\/\/yfer.es\/index.php\/categoria-producto\/mueble\/colgadores-estantes\/\"><img class=\"lazyload\" decoding=\"async\" src=\"https:\/\/yfer.es\/wp-content\/uploads\/2023\/04\/colgadores_estantes.jpg\" data-orig-src=\"https:\/\/yfer.es\/wp-content\/uploads\/2023\/04\/colgadores_estantes.jpg\" alt=\"Colgadores \u00b7 Estantes\" width=\"500\" height=\"\" srcset=\"data:image\/gif;base64,R0lGODlhAQABAAAAACH5BAEKAAEALAAAAAABAAEAAAICTAEAOw==\" data-srcset=\"https:\/\/yfer.es\/wp-content\/uploads\/2023\/04\/colgadores_estantes-66x66.jpg 66w, https:\/\/yfer.es\/wp-content\/uploads\/2023\/04\/colgadores_estantes-150x150.jpg 150w, https:\/\/yfer.es\/wp-content\/uploads\/2023\/04\/colgadores_estantes-200x200.jpg 200w, https:\/\/yfer.es\/wp-content\/uploads\/2023\/04\/colgadores_estantes-300x300.jpg 300w, https:\/\/yfer.es\/wp-content\/uploads\/2023\/04\/colgadores_estantes-400x400.jpg 400w, https:\/\/yfer.es\/wp-content\/uploads\/2023\/04\/colgadores_estantes.jpg 500w\" data-sizes=\"auto\" data-orig-sizes=\"(max-width: 500px) 100vw, 500px\" \/>\t\t<h2 class=\"woocommerce-loop-category__title\">\n\t\t\tColgadores \u00b7 Estantes\t\t<\/h2>\n\t\t<\/a><\/div>\n<\/li>\n<li class=\"product-category product product-grid-view\">\n\t<div class=\"fusion-product-wrapper\">\n<a aria-label=\"Visitar la categor\u00eda de producto Patas \u00b7 Niveladores \u00b7 Ruedas\" href=\"https:\/\/yfer.es\/index.php\/categoria-producto\/mueble\/patas-niveladores-ruedas\/\"><img class=\"lazyload\" decoding=\"async\" src=\"https:\/\/yfer.es\/wp-content\/uploads\/2023\/04\/patas_mueble.jpg\" data-orig-src=\"https:\/\/yfer.es\/wp-content\/uploads\/2023\/04\/patas_mueble.jpg\" alt=\"Patas \u00b7 Niveladores \u00b7 Ruedas\" width=\"500\" height=\"\" srcset=\"data:image\/gif;base64,R0lGODlhAQABAAAAACH5BAEKAAEALAAAAAABAAEAAAICTAEAOw==\" data-srcset=\"https:\/\/yfer.es\/wp-content\/uploads\/2023\/04\/patas_mueble-66x66.jpg 66w, https:\/\/yfer.es\/wp-content\/uploads\/2023\/04\/patas_mueble-150x150.jpg 150w, https:\/\/yfer.es\/wp-content\/uploads\/2023\/04\/patas_mueble-200x200.jpg 200w, https:\/\/yfer.es\/wp-content\/uploads\/2023\/04\/patas_mueble-300x300.jpg 300w, https:\/\/yfer.es\/wp-content\/uploads\/2023\/04\/patas_mueble-400x400.jpg 400w, https:\/\/yfer.es\/wp-content\/uploads\/2023\/04\/patas_mueble.jpg 500w\" data-sizes=\"auto\" data-orig-sizes=\"(max-width: 500px) 100vw, 500px\" \/>\t\t<h2 class=\"woocommerce-loop-category__title\">\n\t\t\tPatas \u00b7 Niveladores \u00b7 Ruedas\t\t<\/h2>\n\t\t<\/a><\/div>\n<\/li>\n<li class=\"product-category product product-grid-view\">\n\t<div class=\"fusion-product-wrapper\">\n<a aria-label=\"Visitar la categor\u00eda de producto Cierre \u00b7 Apertura\" href=\"https:\/\/yfer.es\/index.php\/categoria-producto\/mueble\/cierre-apertura\/\"><img class=\"lazyload\" decoding=\"async\" src=\"https:\/\/yfer.es\/wp-content\/uploads\/2023\/04\/cierre-apertura_mueble.jpg\" data-orig-src=\"https:\/\/yfer.es\/wp-content\/uploads\/2023\/04\/cierre-apertura_mueble.jpg\" alt=\"Cierre \u00b7 Apertura\" width=\"500\" height=\"\" srcset=\"data:image\/gif;base64,R0lGODlhAQABAAAAACH5BAEKAAEALAAAAAABAAEAAAICTAEAOw==\" data-srcset=\"https:\/\/yfer.es\/wp-content\/uploads\/2023\/04\/cierre-apertura_mueble-66x66.jpg 66w, https:\/\/yfer.es\/wp-content\/uploads\/2023\/04\/cierre-apertura_mueble-150x150.jpg 150w, https:\/\/yfer.es\/wp-content\/uploads\/2023\/04\/cierre-apertura_mueble-200x200.jpg 200w, https:\/\/yfer.es\/wp-content\/uploads\/2023\/04\/cierre-apertura_mueble-300x300.jpg 300w, https:\/\/yfer.es\/wp-content\/uploads\/2023\/04\/cierre-apertura_mueble-400x400.jpg 400w, https:\/\/yfer.es\/wp-content\/uploads\/2023\/04\/cierre-apertura_mueble.jpg 500w\" data-sizes=\"auto\" data-orig-sizes=\"(max-width: 500px) 100vw, 500px\" \/>\t\t<h2 class=\"woocommerce-loop-category__title\">\n\t\t\tCierre \u00b7 Apertura\t\t<\/h2>\n\t\t<\/a><\/div>\n<\/li>\n<li class=\"product-category product last product-grid-view\">\n\t<div class=\"fusion-product-wrapper\">\n<a aria-label=\"Visitar la categor\u00eda de producto Herrajes Mueble\" href=\"https:\/\/yfer.es\/index.php\/categoria-producto\/mueble\/herrajes-mueble\/\"><img class=\"lazyload\" decoding=\"async\" src=\"https:\/\/yfer.es\/wp-content\/uploads\/2023\/04\/herrajes_mueble.jpg\" data-orig-src=\"https:\/\/yfer.es\/wp-content\/uploads\/2023\/04\/herrajes_mueble.jpg\" alt=\"Herrajes Mueble\" width=\"500\" height=\"\" srcset=\"data:image\/gif;base64,R0lGODlhAQABAAAAACH5BAEKAAEALAAAAAABAAEAAAICTAEAOw==\" data-srcset=\"https:\/\/yfer.es\/wp-content\/uploads\/2023\/04\/herrajes_mueble-66x66.jpg 66w, https:\/\/yfer.es\/wp-content\/uploads\/2023\/04\/herrajes_mueble-150x150.jpg 150w, https:\/\/yfer.es\/wp-content\/uploads\/2023\/04\/herrajes_mueble-200x200.jpg 200w, https:\/\/yfer.es\/wp-content\/uploads\/2023\/04\/herrajes_mueble-300x300.jpg 300w, https:\/\/yfer.es\/wp-content\/uploads\/2023\/04\/herrajes_mueble-400x400.jpg 400w, https:\/\/yfer.es\/wp-content\/uploads\/2023\/04\/herrajes_mueble.jpg 500w\" data-sizes=\"auto\" data-orig-sizes=\"(max-width: 500px) 100vw, 500px\" \/>\t\t<h2 class=\"woocommerce-loop-category__title\">\n\t\t\tHerrajes Mueble\t\t<\/h2>\n\t\t<\/a><\/div>\n<\/li>\n<li class=\"product-category product first product-grid-view\">\n\t<div class=\"fusion-product-wrapper\">\n<a aria-label=\"Visitar la categor\u00eda de producto Cantos \u00b7 Chapas Fantas\u00eda\" href=\"https:\/\/yfer.es\/index.php\/categoria-producto\/mueble\/cantos-chapas-fantasia\/\"><img class=\"lazyload\" decoding=\"async\" src=\"https:\/\/yfer.es\/wp-content\/uploads\/2023\/04\/cantos_mueble-500x500.jpg\" data-orig-src=\"https:\/\/yfer.es\/wp-content\/uploads\/2023\/04\/cantos_mueble-500x500.jpg\" alt=\"Cantos \u00b7 Chapas Fantas\u00eda\" width=\"500\" height=\"\" srcset=\"data:image\/gif;base64,R0lGODlhAQABAAAAACH5BAEKAAEALAAAAAABAAEAAAICTAEAOw==\" data-srcset=\"https:\/\/yfer.es\/wp-content\/uploads\/2023\/04\/cantos_mueble-66x66.jpg 66w, https:\/\/yfer.es\/wp-content\/uploads\/2023\/04\/cantos_mueble-150x150.jpg 150w, https:\/\/yfer.es\/wp-content\/uploads\/2023\/04\/cantos_mueble-200x200.jpg 200w, https:\/\/yfer.es\/wp-content\/uploads\/2023\/04\/cantos_mueble-300x300.jpg 300w, https:\/\/yfer.es\/wp-content\/uploads\/2023\/04\/cantos_mueble-400x400.jpg 400w, https:\/\/yfer.es\/wp-content\/uploads\/2023\/04\/cantos_mueble-500x500.jpg 500w, https:\/\/yfer.es\/wp-content\/uploads\/2023\/04\/cantos_mueble-600x600.jpg 600w, https:\/\/yfer.es\/wp-content\/uploads\/2023\/04\/cantos_mueble-700x700.jpg 700w, https:\/\/yfer.es\/wp-content\/uploads\/2023\/04\/cantos_mueble-768x768.jpg 768w, https:\/\/yfer.es\/wp-content\/uploads\/2023\/04\/cantos_mueble-800x800.jpg 800w, https:\/\/yfer.es\/wp-content\/uploads\/2023\/04\/cantos_mueble-1024x1024.jpg 1024w, https:\/\/yfer.es\/wp-content\/uploads\/2023\/04\/cantos_mueble.jpg 1200w\" data-sizes=\"auto\" data-orig-sizes=\"(max-width: 500px) 100vw, 500px\" \/>\t\t<h2 class=\"woocommerce-loop-category__title\">\n\t\t\tCantos \u00b7 Chapas Fantas\u00eda\t\t<\/h2>\n\t\t<\/a><\/div>\n<\/li>\n<li class=\"product-category product product-grid-view\">\n\t<div class=\"fusion-product-wrapper\">\n<a aria-label=\"Visitar la categor\u00eda de producto Tapones \u00b7 Deslizantes \u00b7 Acc\" href=\"https:\/\/yfer.es\/index.php\/categoria-producto\/mueble\/tapones-deslizantes-acc\/\"><img class=\"lazyload\" decoding=\"async\" src=\"https:\/\/yfer.es\/wp-content\/uploads\/2023\/04\/tapones_deslizantes.jpg\" data-orig-src=\"https:\/\/yfer.es\/wp-content\/uploads\/2023\/04\/tapones_deslizantes.jpg\" alt=\"Tapones \u00b7 Deslizantes \u00b7 Acc\" width=\"500\" height=\"\" srcset=\"data:image\/gif;base64,R0lGODlhAQABAAAAACH5BAEKAAEALAAAAAABAAEAAAICTAEAOw==\" data-srcset=\"https:\/\/yfer.es\/wp-content\/uploads\/2023\/04\/tapones_deslizantes-66x66.jpg 66w, https:\/\/yfer.es\/wp-content\/uploads\/2023\/04\/tapones_deslizantes-150x150.jpg 150w, https:\/\/yfer.es\/wp-content\/uploads\/2023\/04\/tapones_deslizantes-200x200.jpg 200w, https:\/\/yfer.es\/wp-content\/uploads\/2023\/04\/tapones_deslizantes-300x300.jpg 300w, https:\/\/yfer.es\/wp-content\/uploads\/2023\/04\/tapones_deslizantes-400x400.jpg 400w, https:\/\/yfer.es\/wp-content\/uploads\/2023\/04\/tapones_deslizantes.jpg 500w\" data-sizes=\"auto\" data-orig-sizes=\"(max-width: 500px) 100vw, 500px\" \/>\t\t<h2 class=\"woocommerce-loop-category__title\">\n\t\t\tTapones \u00b7 Deslizantes \u00b7 Acc\t\t<\/h2>\n\t\t<\/a><\/div>\n<\/li>\n<\/ul>\n<\/div><\/div><\/div><\/div><\/div><div class=\"fusion-fullwidth fullwidth-box fusion-builder-row-2 fusion-flex-container has-pattern-background has-mask-background nonhundred-percent-fullwidth non-hundred-percent-height-scrolling\" style=\"--awb-border-sizes-top:5px;--awb-border-sizes-bottom:5px;--awb-border-sizes-left:5px;--awb-border-sizes-right:5px;--awb-border-color:var(--awb-custom_color_1);--awb-border-radius-top-left:0px;--awb-border-radius-top-right:0px;--awb-border-radius-bottom-right:0px;--awb-border-radius-bottom-left:0px;--awb-padding-top:0px;--awb-padding-right:20px;--awb-padding-bottom:15px;--awb-padding-left:20px;--awb-margin-top:30px;--awb-margin-bottom:0px;--awb-background-color:var(--awb-color1);--awb-flex-wrap:wrap;\" ><div class=\"fusion-builder-row fusion-row fusion-flex-align-items-flex-start fusion-flex-content-wrap\" style=\"max-width:1216.8px;margin-left: calc(-4% \/ 2 );margin-right: calc(-4% \/ 2 );\"><div class=\"fusion-layout-column fusion_builder_column fusion-builder-column-1 fusion_builder_column_1_1 1_1 fusion-flex-column\" style=\"--awb-bg-size:cover;--awb-width-large:100%;--awb-margin-top-large:15px;--awb-spacing-right-large:1.92%;--awb-margin-bottom-large:15px;--awb-spacing-left-large:1.92%;--awb-width-medium:100%;--awb-order-medium:0;--awb-spacing-right-medium:1.92%;--awb-spacing-left-medium:1.92%;--awb-width-small:100%;--awb-order-small:0;--awb-spacing-right-small:1.92%;--awb-spacing-left-small:1.92%;\"><div class=\"fusion-column-wrapper fusion-column-has-shadow fusion-flex-justify-content-flex-start fusion-content-layout-column\"><div class=\"fusion-title title fusion-title-1 fusion-title-center fusion-title-text fusion-title-size-two\" style=\"--awb-text-color:#00354e;\"><div class=\"title-sep-container title-sep-container-left\"><div class=\"title-sep sep- sep-solid\" style=\"border-color:var(--awb-color3);\"><\/div><\/div><span class=\"awb-title-spacer\"><\/span><h2 class=\"fusion-title-heading title-heading-center fusion-responsive-typography-calculated\" style=\"margin:0;--fontSize:38;line-height:var(--awb-typography1-line-height);\">\u00bfTe interesa nuestro producto?<\/h2><span class=\"awb-title-spacer\"><\/span><div class=\"title-sep-container title-sep-container-right\"><div class=\"title-sep sep- sep-solid\" style=\"border-color:var(--awb-color3);\"><\/div><\/div><\/div><div class=\"fusion-text fusion-text-1 fusion-text-no-margin\" style=\"--awb-line-height:15px;--awb-text-color:var(--awb-color8);--awb-margin-top:0px;\"><p style=\"text-align: center;\"><strong>Si eres profesional<\/strong>, date de alta o accede a nuestro \u00c1rea de clientes y consulta toda la gama de producto.<\/p>\n<\/div><\/div><\/div><div class=\"fusion-layout-column fusion_builder_column fusion-builder-column-2 fusion_builder_column_1_1 1_1 fusion-flex-column fusion-flex-align-self-center\" style=\"--awb-bg-size:cover;--awb-width-large:100%;--awb-margin-top-large:15px;--awb-spacing-right-large:1.92%;--awb-margin-bottom-large:15px;--awb-spacing-left-large:1.92%;--awb-width-medium:100%;--awb-order-medium:0;--awb-spacing-right-medium:1.92%;--awb-spacing-left-medium:1.92%;--awb-width-small:100%;--awb-order-small:0;--awb-spacing-right-small:1.92%;--awb-spacing-left-small:1.92%;\"><div class=\"fusion-column-wrapper fusion-column-has-shadow fusion-flex-justify-content-flex-start fusion-content-layout-column\"><div style=\"text-align:center;\"><a class=\"fusion-button button-flat button-medium button-default fusion-button-default button-1 fusion-button-default-span fusion-button-default-type\" target=\"_self\" href=\"https:\/\/yfer.es\/index.php\/area-clientes\/\"><span class=\"fusion-button-text\">\u00c1rea clientes<\/span><\/a><\/div><\/div><\/div><\/div><\/div><\/p>\n","protected":false},"excerpt":{"rendered":"","protected":false},"author":3,"featured_media":0,"parent":0,"menu_order":0,"comment_status":"closed","ping_status":"closed","template":"","meta":{"_acf_changed":false,"_joinchat":[],"footnotes":""},"class_list":["post-21573","page","type-page","status-publish","hentry"],"acf":[],"yoast_head":"<!-- This site is optimized with the Yoast SEO plugin v24.8.1 - https:\/\/yoast.com\/wordpress\/plugins\/seo\/ -->\n<title>Mueble - yfer.es<\/title>\n<meta name=\"description\" content=\"En esta p\u00e1gina encontrar\u00e1s todas las categor\u00edas de producto relacionado con el mueble de nuestra tienda YFER.\" \/>\n<meta name=\"robots\" content=\"index, follow, max-snippet:-1, max-image-preview:large, max-video-preview:-1\" \/>\n<link rel=\"canonical\" href=\"https:\/\/yfer.es\/index.php\/mueble-cat\/\" \/>\n<meta property=\"og:locale\" content=\"es_ES\" \/>\n<meta property=\"og:type\" content=\"article\" \/>\n<meta property=\"og:title\" content=\"Mueble - yfer.es\" \/>\n<meta property=\"og:description\" content=\"En esta p\u00e1gina encontrar\u00e1s todas las categor\u00edas de producto relacionado con el mueble de nuestra tienda YFER.\" \/>\n<meta property=\"og:url\" content=\"https:\/\/yfer.es\/index.php\/mueble-cat\/\" \/>\n<meta property=\"og:site_name\" content=\"yfer.es\" \/>\n<meta property=\"article:modified_time\" content=\"2024-02-26T10:29:22+00:00\" \/>\n<meta name=\"twitter:card\" content=\"summary_large_image\" \/>\n<meta name=\"twitter:label1\" content=\"Tiempo de lectura\" \/>\n\t<meta name=\"twitter:data1\" content=\"3 minutos\" \/>\n<script type=\"application\/ld+json\" class=\"yoast-schema-graph\">{\"@context\":\"https:\/\/schema.org\",\"@graph\":[{\"@type\":\"WebPage\",\"@id\":\"https:\/\/yfer.es\/index.php\/mueble-cat\/\",\"url\":\"https:\/\/yfer.es\/index.php\/mueble-cat\/\",\"name\":\"Mueble - yfer.es\",\"isPartOf\":{\"@id\":\"https:\/\/yfer.es\/#website\"},\"datePublished\":\"2023-04-04T12:17:42+00:00\",\"dateModified\":\"2024-02-26T10:29:22+00:00\",\"description\":\"En esta p\u00e1gina encontrar\u00e1s todas las categor\u00edas de producto relacionado con el mueble de nuestra tienda YFER.\",\"breadcrumb\":{\"@id\":\"https:\/\/yfer.es\/index.php\/mueble-cat\/#breadcrumb\"},\"inLanguage\":\"es\",\"potentialAction\":[{\"@type\":\"ReadAction\",\"target\":[\"https:\/\/yfer.es\/index.php\/mueble-cat\/\"]}]},{\"@type\":\"BreadcrumbList\",\"@id\":\"https:\/\/yfer.es\/index.php\/mueble-cat\/#breadcrumb\",\"itemListElement\":[{\"@type\":\"ListItem\",\"position\":1,\"name\":\"Portada\",\"item\":\"https:\/\/yfer.es\/\"},{\"@type\":\"ListItem\",\"position\":2,\"name\":\"Mueble\"}]},{\"@type\":\"WebSite\",\"@id\":\"https:\/\/yfer.es\/#website\",\"url\":\"https:\/\/yfer.es\/\",\"name\":\"yfer.es\",\"description\":\"La tienda del profesional del herraje\",\"publisher\":{\"@id\":\"https:\/\/yfer.es\/#organization\"},\"potentialAction\":[{\"@type\":\"SearchAction\",\"target\":{\"@type\":\"EntryPoint\",\"urlTemplate\":\"https:\/\/yfer.es\/?s={search_term_string}\"},\"query-input\":{\"@type\":\"PropertyValueSpecification\",\"valueRequired\":true,\"valueName\":\"search_term_string\"}}],\"inLanguage\":\"es\"},{\"@type\":\"Organization\",\"@id\":\"https:\/\/yfer.es\/#organization\",\"name\":\"Yfer\",\"url\":\"https:\/\/yfer.es\/\",\"logo\":{\"@type\":\"ImageObject\",\"inLanguage\":\"es\",\"@id\":\"https:\/\/yfer.es\/#\/schema\/logo\/image\/\",\"url\":\"https:\/\/yfer.es\/wp-content\/uploads\/2023\/04\/logos_header_80x80black.png\",\"contentUrl\":\"https:\/\/yfer.es\/wp-content\/uploads\/2023\/04\/logos_header_80x80black.png\",\"width\":80,\"height\":80,\"caption\":\"Yfer\"},\"image\":{\"@id\":\"https:\/\/yfer.es\/#\/schema\/logo\/image\/\"}}]}<\/script>\n<!-- \/ Yoast SEO plugin. -->","yoast_head_json":{"title":"Mueble - yfer.es","description":"En esta p\u00e1gina encontrar\u00e1s todas las categor\u00edas de producto relacionado con el mueble de nuestra tienda YFER.","robots":{"index":"index","follow":"follow","max-snippet":"max-snippet:-1","max-image-preview":"max-image-preview:large","max-video-preview":"max-video-preview:-1"},"canonical":"https:\/\/yfer.es\/index.php\/mueble-cat\/","og_locale":"es_ES","og_type":"article","og_title":"Mueble - yfer.es","og_description":"En esta p\u00e1gina encontrar\u00e1s todas las categor\u00edas de producto relacionado con el mueble de nuestra tienda YFER.","og_url":"https:\/\/yfer.es\/index.php\/mueble-cat\/","og_site_name":"yfer.es","article_modified_time":"2024-02-26T10:29:22+00:00","twitter_card":"summary_large_image","twitter_misc":{"Tiempo de lectura":"3 minutos"},"schema":{"@context":"https:\/\/schema.org","@graph":[{"@type":"WebPage","@id":"https:\/\/yfer.es\/index.php\/mueble-cat\/","url":"https:\/\/yfer.es\/index.php\/mueble-cat\/","name":"Mueble - yfer.es","isPartOf":{"@id":"https:\/\/yfer.es\/#website"},"datePublished":"2023-04-04T12:17:42+00:00","dateModified":"2024-02-26T10:29:22+00:00","description":"En esta p\u00e1gina encontrar\u00e1s todas las categor\u00edas de producto relacionado con el mueble de nuestra tienda YFER.","breadcrumb":{"@id":"https:\/\/yfer.es\/index.php\/mueble-cat\/#breadcrumb"},"inLanguage":"es","potentialAction":[{"@type":"ReadAction","target":["https:\/\/yfer.es\/index.php\/mueble-cat\/"]}]},{"@type":"BreadcrumbList","@id":"https:\/\/yfer.es\/index.php\/mueble-cat\/#breadcrumb","itemListElement":[{"@type":"ListItem","position":1,"name":"Portada","item":"https:\/\/yfer.es\/"},{"@type":"ListItem","position":2,"name":"Mueble"}]},{"@type":"WebSite","@id":"https:\/\/yfer.es\/#website","url":"https:\/\/yfer.es\/","name":"yfer.es","description":"La tienda del profesional del herraje","publisher":{"@id":"https:\/\/yfer.es\/#organization"},"potentialAction":[{"@type":"SearchAction","target":{"@type":"EntryPoint","urlTemplate":"https:\/\/yfer.es\/?s={search_term_string}"},"query-input":{"@type":"PropertyValueSpecification","valueRequired":true,"valueName":"search_term_string"}}],"inLanguage":"es"},{"@type":"Organization","@id":"https:\/\/yfer.es\/#organization","name":"Yfer","url":"https:\/\/yfer.es\/","logo":{"@type":"ImageObject","inLanguage":"es","@id":"https:\/\/yfer.es\/#\/schema\/logo\/image\/","url":"https:\/\/yfer.es\/wp-content\/uploads\/2023\/04\/logos_header_80x80black.png","contentUrl":"https:\/\/yfer.es\/wp-content\/uploads\/2023\/04\/logos_header_80x80black.png","width":80,"height":80,"caption":"Yfer"},"image":{"@id":"https:\/\/yfer.es\/#\/schema\/logo\/image\/"}}]}},"jetpack_sharing_enabled":true,"_links":{"self":[{"href":"https:\/\/yfer.es\/index.php\/wp-json\/wp\/v2\/pages\/21573","targetHints":{"allow":["GET"]}}],"collection":[{"href":"https:\/\/yfer.es\/index.php\/wp-json\/wp\/v2\/pages"}],"about":[{"href":"https:\/\/yfer.es\/index.php\/wp-json\/wp\/v2\/types\/page"}],"author":[{"embeddable":true,"href":"https:\/\/yfer.es\/index.php\/wp-json\/wp\/v2\/users\/3"}],"replies":[{"embeddable":true,"href":"https:\/\/yfer.es\/index.php\/wp-json\/wp\/v2\/comments?post=21573"}],"version-history":[{"count":5,"href":"https:\/\/yfer.es\/index.php\/wp-json\/wp\/v2\/pages\/21573\/revisions"}],"predecessor-version":[{"id":23198,"href":"https:\/\/yfer.es\/index.php\/wp-json\/wp\/v2\/pages\/21573\/revisions\/23198"}],"wp:attachment":[{"href":"https:\/\/yfer.es\/index.php\/wp-json\/wp\/v2\/media?parent=21573"}],"curies":[{"name":"wp","href":"https:\/\/api.w.org\/{rel}","templated":true}]}}