{"id":22055,"date":"2023-12-22T12:34:12","date_gmt":"2023-12-22T12:34:12","guid":{"rendered":"https:\/\/yfer.es\/?page_id=22055"},"modified":"2024-12-11T16:21:28","modified_gmt":"2024-12-11T16:21:28","slug":"nuevos-clientes","status":"publish","type":"page","link":"https:\/\/yfer.es\/index.php\/nuevos-clientes\/","title":{"rendered":"Nuevos Clientes"},"content":{"rendered":"<p><div class=\"fusion-fullwidth fullwidth-box fusion-builder-row-1 fusion-flex-container has-pattern-background has-mask-background nonhundred-percent-fullwidth non-hundred-percent-height-scrolling\" style=\"--awb-border-radius-top-left:0px;--awb-border-radius-top-right:0px;--awb-border-radius-bottom-right:0px;--awb-border-radius-bottom-left:0px;--awb-margin-top:0px;--awb-flex-wrap:wrap;\" ><div class=\"fusion-builder-row fusion-row fusion-flex-align-items-flex-start fusion-flex-justify-content-center fusion-flex-content-wrap\" style=\"max-width:1216.8px;margin-left: calc(-4% \/ 2 );margin-right: calc(-4% \/ 2 );\"><div class=\"fusion-layout-column fusion_builder_column fusion-builder-column-0 fusion_builder_column_1_2 1_2 fusion-flex-column\" style=\"--awb-padding-left:20px;--awb-bg-size:cover;--awb-width-large:50%;--awb-margin-top-large:15px;--awb-spacing-right-large:3.84%;--awb-margin-bottom-large:40px;--awb-spacing-left-large:3.84%;--awb-width-medium:100%;--awb-order-medium:0;--awb-spacing-right-medium:1.92%;--awb-spacing-left-medium:1.92%;--awb-width-small:100%;--awb-order-small:0;--awb-spacing-right-small:1.92%;--awb-spacing-left-small:1.92%;\"><div class=\"fusion-column-wrapper fusion-column-has-shadow fusion-flex-justify-content-flex-start fusion-content-layout-column\"><div class=\"fusion-title title fusion-title-1 fusion-title-center fusion-title-text fusion-title-size-three\" style=\"--awb-margin-bottom:25px;--awb-font-size:24px;\"><div class=\"title-sep-container title-sep-container-left\"><div class=\"title-sep sep- sep-solid\" style=\"border-color:var(--awb-color3);\"><\/div><\/div><span class=\"awb-title-spacer\"><\/span><h3 class=\"fusion-title-heading title-heading-center fusion-responsive-typography-calculated\" style=\"margin:0;font-size:1em;--fontSize:24;line-height:var(--awb-typography1-line-height);\">SOLICITUD ALTA CLIENTE<\/h3><span class=\"awb-title-spacer\"><\/span><div class=\"title-sep-container title-sep-container-right\"><div class=\"title-sep sep- sep-solid\" style=\"border-color:var(--awb-color3);\"><\/div><\/div><\/div><div class=\"fusion-separator fusion-full-width-sep\" style=\"align-self: center;margin-left: auto;margin-right: auto;width:100%;\"><div class=\"fusion-separator-border sep-single sep-solid\" style=\"--awb-height:20px;--awb-amount:20px;border-color:var(--awb-color3);border-top-width:1px;\"><\/div><\/div><div class=\"fusion-text fusion-text-1 fusion-text-no-margin\" style=\"--awb-margin-top:15px;\"><p>Si no dispone de cuenta profesional, puede solicitar su alta como cliente rellenando el siguiente formulario.<\/p>\n<\/div><div class=\"fusion-form fusion-form-builder fusion-form-form-wrapper fusion-form-22058\" style=\"--awb-margin-top:0px;--awb-tooltip-text-color:#ffffff;--awb-tooltip-background-color:#333333;--awb-field-margin-bottom:5px;\" data-form-id=\"22058\" data-config=\"{&quot;form_id&quot;:&quot;22058&quot;,&quot;form_post_id&quot;:&quot;22058&quot;,&quot;post_id&quot;:22055,&quot;form_type&quot;:&quot;ajax&quot;,&quot;confirmation_type&quot;:&quot;message&quot;,&quot;redirect_url&quot;:&quot;&quot;,&quot;field_labels&quot;:{&quot;nombre&quot;:&quot;Nombre&quot;,&quot;direccion_de_correo_electronico&quot;:&quot;Direcci\\u00f3n de correo electr\\u00f3nico&quot;,&quot;empresa&quot;:&quot;Empresa&quot;,&quot;apellidos&quot;:&quot;Apellidos&quot;,&quot;telefono&quot;:&quot;Tel\\u00e9fono&quot;,&quot;cif&quot;:&quot;CIF&quot;,&quot;politica_de_privacidad&quot;:&quot;&quot;,&quot;newsletter&quot;:&quot;&quot;},&quot;field_logics&quot;:{&quot;nombre&quot;:&quot;&quot;,&quot;direccion_de_correo_electronico&quot;:&quot;&quot;,&quot;empresa&quot;:&quot;&quot;,&quot;apellidos&quot;:&quot;&quot;,&quot;telefono&quot;:&quot;&quot;,&quot;cif&quot;:&quot;&quot;,&quot;politica_de_privacidad&quot;:&quot;&quot;,&quot;newsletter&quot;:&quot;&quot;,&quot;notice_1&quot;:&quot;&quot;},&quot;field_types&quot;:{&quot;nombre&quot;:&quot;text&quot;,&quot;direccion_de_correo_electronico&quot;:&quot;email&quot;,&quot;empresa&quot;:&quot;text&quot;,&quot;apellidos&quot;:&quot;text&quot;,&quot;telefono&quot;:&quot;text&quot;,&quot;cif&quot;:&quot;text&quot;,&quot;politica_de_privacidad&quot;:&quot;consent&quot;,&quot;newsletter&quot;:&quot;consent&quot;,&quot;recaptcha_1&quot;:&quot;recaptcha&quot;,&quot;submit_1&quot;:&quot;submit&quot;,&quot;notice_1&quot;:&quot;notice&quot;},&quot;nonce_method&quot;:&quot;ajax&quot;}\"><form action=\"https:\/\/yfer.es\/index.php\/nuevos-clientes\/\" method=\"post\" class=\"fusion-form fusion-form-22058\"><div class=\"fusion-fullwidth fullwidth-box fusion-builder-row-1-1 fusion-flex-container has-pattern-background has-mask-background nonhundred-percent-fullwidth non-hundred-percent-height-scrolling\" style=\"--awb-border-radius-top-left:0px;--awb-border-radius-top-right:0px;--awb-border-radius-bottom-right:0px;--awb-border-radius-bottom-left:0px;--awb-flex-wrap:wrap;\" ><div class=\"fusion-builder-row fusion-row fusion-flex-align-items-flex-start fusion-flex-content-wrap\" style=\"width:104% !important;max-width:104% !important;margin-left: calc(-4% \/ 2 );margin-right: calc(-4% \/ 2 );\"><div class=\"fusion-layout-column fusion_builder_column fusion-builder-column-1 fusion_builder_column_1_2 1_2 fusion-flex-column\" style=\"--awb-bg-size:cover;--awb-width-large:50%;--awb-margin-top-large:15px;--awb-spacing-right-large:3.84%;--awb-margin-bottom-large:0px;--awb-spacing-left-large:3.84%;--awb-width-medium:100%;--awb-order-medium:0;--awb-spacing-right-medium:1.92%;--awb-spacing-left-medium:1.92%;--awb-width-small:100%;--awb-order-small:0;--awb-spacing-right-small:1.92%;--awb-spacing-left-small:1.92%;\"><div class=\"fusion-column-wrapper fusion-column-has-shadow fusion-flex-justify-content-flex-start fusion-content-layout-column\"><div class=\"fusion-form-field fusion-form-text-field fusion-form-label-above\" style=\"\" data-form-id=\"22058\"><div class=\"fusion-form-label-wrapper\"><label for=\"nombre\">Nombre <abbr class=\"fusion-form-element-required\" title=\"required\">*<\/abbr><\/label><\/div><input type=\"text\" name=\"nombre\" id=\"nombre\" value=\"\"  class=\"fusion-form-input\" required=\"true\" aria-required=\"true\" data-holds-private-data=\"false\" minlength=\"0\"\/><\/div><div class=\"fusion-form-field fusion-form-email-field fusion-form-label-above\" style=\"\" data-form-id=\"22058\"><div class=\"fusion-form-label-wrapper\"><label for=\"direccion_de_correo_electronico\">Direcci\u00f3n de correo electr\u00f3nico <abbr class=\"fusion-form-element-required\" title=\"required\">*<\/abbr><\/label><\/div><input type=\"email\" name=\"direccion_de_correo_electronico\" id=\"direccion_de_correo_electronico\" value=\"\"  class=\"fusion-form-input\" required=\"true\" aria-required=\"true\" data-holds-private-data=\"false\"\/><\/div><div class=\"fusion-form-field fusion-form-text-field fusion-form-label-above\" style=\"\" data-form-id=\"22058\"><div class=\"fusion-form-label-wrapper\"><label for=\"empresa\">Empresa <abbr class=\"fusion-form-element-required\" title=\"required\">*<\/abbr><\/label><\/div><input type=\"text\" name=\"empresa\" id=\"empresa\" value=\"\"  class=\"fusion-form-input\" required=\"true\" aria-required=\"true\" data-holds-private-data=\"false\" minlength=\"0\"\/><\/div><\/div><\/div><div class=\"fusion-layout-column fusion_builder_column fusion-builder-column-2 fusion_builder_column_1_2 1_2 fusion-flex-column\" style=\"--awb-bg-size:cover;--awb-width-large:50%;--awb-margin-top-large:15px;--awb-spacing-right-large:3.84%;--awb-margin-bottom-large:15px;--awb-spacing-left-large:3.84%;--awb-width-medium:100%;--awb-order-medium:0;--awb-spacing-right-medium:1.92%;--awb-spacing-left-medium:1.92%;--awb-width-small:100%;--awb-order-small:0;--awb-spacing-right-small:1.92%;--awb-spacing-left-small:1.92%;\"><div class=\"fusion-column-wrapper fusion-column-has-shadow fusion-flex-justify-content-flex-start fusion-content-layout-column\"><div class=\"fusion-form-field fusion-form-text-field fusion-form-label-above\" style=\"\" data-form-id=\"22058\"><div class=\"fusion-form-label-wrapper\"><label for=\"apellidos\">Apellidos <abbr class=\"fusion-form-element-required\" title=\"required\">*<\/abbr><\/label><\/div><input type=\"text\" name=\"apellidos\" id=\"apellidos\" value=\"\"  class=\"fusion-form-input\" required=\"true\" aria-required=\"true\" data-holds-private-data=\"false\" minlength=\"0\"\/><\/div><div class=\"fusion-form-field fusion-form-text-field fusion-form-label-above\" style=\"\" data-form-id=\"22058\"><div class=\"fusion-form-label-wrapper\"><label for=\"telefono\">Tel\u00e9fono <abbr class=\"fusion-form-element-required\" title=\"required\">*<\/abbr><\/label><\/div><input type=\"text\" name=\"telefono\" id=\"telefono\" value=\"\"  class=\"fusion-form-input\" required=\"true\" aria-required=\"true\" data-holds-private-data=\"false\" minlength=\"0\"\/><\/div><div class=\"fusion-form-field fusion-form-text-field fusion-form-label-above\" style=\"\" data-form-id=\"22058\"><div class=\"fusion-form-label-wrapper\"><label for=\"cif\">CIF <abbr class=\"fusion-form-element-required\" title=\"required\">*<\/abbr><\/label><\/div><input type=\"text\" name=\"cif\" id=\"cif\" value=\"\"  class=\"fusion-form-input\" required=\"true\" aria-required=\"true\" data-holds-private-data=\"false\" minlength=\"0\"\/><\/div><\/div><\/div><div class=\"fusion-layout-column fusion_builder_column fusion-builder-column-3 fusion_builder_column_1_1 1_1 fusion-flex-column\" style=\"--awb-bg-size:cover;--awb-width-large:100%;--awb-margin-top-large:0px;--awb-spacing-right-large:1.92%;--awb-margin-bottom-large:0px;--awb-spacing-left-large:1.92%;--awb-width-medium:100%;--awb-order-medium:0;--awb-spacing-right-medium:1.92%;--awb-spacing-left-medium:1.92%;--awb-width-small:100%;--awb-order-small:0;--awb-spacing-right-small:1.92%;--awb-spacing-left-small:1.92%;\"><div class=\"fusion-column-wrapper fusion-column-has-shadow fusion-flex-justify-content-flex-start fusion-content-layout-column\"><div class=\"fusion-form-field fusion-form-consent-field fusion-form-label-above\" style=\"\" data-form-id=\"22058\"><div class=\"fusion-form-checkbox option-inline\"><input tabindex=\"\" id=\"politica_de_privacidad\" type=\"checkbox\" value=\"1\" name=\"politica_de_privacidad\" class=\"fusion-form-input\" required=\"true\" aria-required=\"true\"\/><label for=\"politica_de_privacidad\">He le\u00eddo y acepto <a href=\"https:\/\/yfer.es\/index.php\/aviso-legal\/\">Aviso legal<\/a> y la <a href=\"https:\/\/yfer.es\/index.php\/politica-de-privacidad\/\">Pol\u00edtica de privacidad<\/a><\/label><\/div><\/div><div class=\"fusion-form-field fusion-form-consent-field fusion-form-label-above\" style=\"\" data-form-id=\"22058\"><div class=\"fusion-form-checkbox option-inline\"><input tabindex=\"\" id=\"newsletter\" type=\"checkbox\" value=\"1\" name=\"newsletter\" class=\"fusion-form-input\"\/><label for=\"newsletter\">Quiero recibir ofertas e inscribirme al bolet\u00edn de noticias<\/label><\/div><\/div><div class=\"fusion-form-field fusion-form-recaptcha-field fusion-form-label-above\" style=\"\" data-form-id=\"22058\">\t\t\t\t<div class=\"form-creator-recaptcha\" >\n\t\t\t\t\t\t\t\t\t\t\t\t\t\t\t\t\t\t\t\t\t\t\t<div class=\"fusion-form-recaptcha-wrapper\">\n\t\t\t\t\t\t\t\t\t\t<div\n\t\t\t\t\t\t\tid=\"g-recaptcha-id-form-22058\"\n\t\t\t\t\t\t\tclass=\"fusion-form-recaptcha-v3 recaptcha-container \"\n\t\t\t\t\t\t\tdata-sitekey=\"6LcvxhwlAAAAANhvWTN0wHls0RA1QoNi6b9a1wt1\"\n\t\t\t\t\t\t\tdata-badge=\"bottomright\">\n\t\t\t\t\t\t<\/div>\n\t\t\t\t\t\t<input\n\t\t\t\t\t\t\ttype=\"hidden\"\n\t\t\t\t\t\t\tname=\"fusion-form-recaptcha-response\"\n\t\t\t\t\t\t\tclass=\"g-recaptcha-response\"\n\t\t\t\t\t\t\tid=\"fusion-form-recaptcha-response-22058\"\n\t\t\t\t\t\t\tvalue=\"\">\n\t\t\t\t\t\t\t\t\t<\/div>\n\t\t\t\t\t\t\t\t\t\t\t\t\t\t\t<\/div>\n\t\t\t\t<\/div><div class=\"fusion-form-field fusion-form-submit-field fusion-form-label-above\" style=\"\" data-form-id=\"22058\"><div style=\"text-align:center;\"><button type=\"submit\" class=\"fusion-button button-flat fusion-button-default-size button-custom fusion-button-default button-1 fusion-button-default-span  form-form-submit button-default\" style=\"--button_accent_color:var(--awb-color1);--button_accent_hover_color:var(--awb-color1);--button_border_hover_color:var(--awb-color1);--button-border-radius-top-left:0px;--button-border-radius-top-right:0px;--button-border-radius-bottom-right:0px;--button-border-radius-bottom-left:0px;--button_gradient_top_color:#00354e;--button_gradient_bottom_color:#00354e;--button_gradient_top_color_hover:#595757;--button_gradient_bottom_color_hover:#595757;--button_margin-top:10px;\" data-form-number=\"22058\" tabindex=\"\"><span class=\"fusion-button-text\">Solicitar alta<\/span><\/button><\/div><\/div><div class=\"form-submission-notices data-notice_1\" id=\"fusion-notices-1\"><div class=\"fusion-alert alert success alert-success fusion-alert-center fusion-form-response fusion-form-response-success fusion-alert-capitalize awb-alert-native-link-color alert-dismissable awb-alert-close-boxed\" style=\"--awb-margin-top:15px;\" role=\"alert\"><div class=\"fusion-alert-content-wrapper\"><span class=\"alert-icon\"><i class=\"awb-icon-check-circle\" aria-hidden=\"true\"><\/i><\/span><span class=\"fusion-alert-content\">Gracias por su solicitud. Nos pondremos en contacto con usted lo antes posible para confirmar su alta.<\/span><\/div><button type=\"button\" class=\"close toggle-alert\" data-dismiss=\"alert\" aria-label=\"Close\">&times;<\/button><\/div><div class=\"fusion-alert alert error alert-danger fusion-alert-center fusion-form-response fusion-form-response-error fusion-alert-capitalize awb-alert-native-link-color alert-dismissable awb-alert-close-boxed\" style=\"--awb-margin-top:15px;\" role=\"alert\"><div class=\"fusion-alert-content-wrapper\"><span class=\"alert-icon\"><i class=\"awb-icon-exclamation-triangle\" aria-hidden=\"true\"><\/i><\/span><span class=\"fusion-alert-content\">Ha ocurrido un error. Por favor, int\u00e9ntelo de nuevo en unos minutos. Disculpe las molestias.<\/span><\/div><button type=\"button\" class=\"close toggle-alert\" data-dismiss=\"alert\" aria-label=\"Close\">&times;<\/button><\/div><\/div><\/div><\/div><\/div><\/div><div class=\"fusion-fullwidth fullwidth-box fusion-builder-row-1-2 fusion-flex-container has-pattern-background has-mask-background nonhundred-percent-fullwidth non-hundred-percent-height-scrolling\" style=\"--awb-border-radius-top-left:0px;--awb-border-radius-top-right:0px;--awb-border-radius-bottom-right:0px;--awb-border-radius-bottom-left:0px;--awb-flex-wrap:wrap;\" ><div class=\"fusion-builder-row fusion-row fusion-flex-align-items-flex-start fusion-flex-content-wrap\" style=\"width:104% !important;max-width:104% !important;margin-left: calc(-4% \/ 2 );margin-right: calc(-4% \/ 2 );\"><\/div><\/div><\/form><\/div><\/div><\/div><\/div><\/div><div class=\"fusion-fullwidth fullwidth-box fusion-builder-row-2 fusion-flex-container has-pattern-background has-mask-background nonhundred-percent-fullwidth non-hundred-percent-height-scrolling\" style=\"--awb-border-radius-top-left:0px;--awb-border-radius-top-right:0px;--awb-border-radius-bottom-right:0px;--awb-border-radius-bottom-left:0px;--awb-margin-top-small:0px;--awb-margin-bottom-small:0px;--awb-flex-wrap:wrap;\" ><div class=\"fusion-builder-row fusion-row fusion-flex-align-items-flex-start fusion-flex-content-wrap\" style=\"max-width:1216.8px;margin-left: calc(-4% \/ 2 );margin-right: calc(-4% \/ 2 );\"><div class=\"fusion-layout-column fusion_builder_column fusion-builder-column-4 fusion_builder_column_1_1 1_1 fusion-flex-column\" style=\"--awb-bg-size:cover;--awb-width-large:100%;--awb-margin-top-large:15px;--awb-spacing-right-large:1.92%;--awb-margin-bottom-large:15px;--awb-spacing-left-large:1.92%;--awb-width-medium:100%;--awb-order-medium:0;--awb-spacing-right-medium:1.92%;--awb-spacing-left-medium:1.92%;--awb-width-small:100%;--awb-order-small:0;--awb-spacing-right-small:1.92%;--awb-spacing-left-small:1.92%;\"><div class=\"fusion-column-wrapper fusion-column-has-shadow fusion-flex-justify-content-flex-start fusion-content-layout-column\"><div class=\"fusion-text fusion-text-2\" style=\"--awb-font-size:12px;\"><p>En cumplimiento del Reglamento General de Protecci\u00f3n de Datos (UE) 2016\/679 del Parlamento Europeo y del Consejo de 27 de abril de 2016 y la ley org\u00e1nica 3\/2018 de 5 de diciembre de Protecci\u00f3n de Datos Personales y de Garant\u00eda de los Derechos Digitales le informamos que los datos por Vd. proporcionados ser\u00e1n objeto de tratamiento por parte de YFER DISTRIBUCI\u00d3N DE FERRETER\u00cdA con CIF B75369421, con domicilio en CALLE IGNACIO DE ALDECOA, 28, M\u00c1LAGA, con la finalidad de prestarle el servicio solicitado y\/o contratado, realizar la facturaci\u00f3n del mismo.<\/p>\n<p>La base legal para el tratamiento de sus datos es la ejecuci\u00f3n del servicio por usted contratado y\/o solicitado. La oferta prospectiva de productos y servicios est\u00e1 basada en el consentimiento que se le solicita, sin que en ning\u00fan caso la retirada de este consentimiento condicione la ejecuci\u00f3n del contrato.<\/p>\n<p>Los datos proporcionados se conservar\u00e1n mientras se mantenga la relaci\u00f3n comercial o durante los a\u00f1os necesarios para cumplir con las obligaciones legales. Los datos no se ceder\u00e1n a terceros salvo en los casos en que exista una obligaci\u00f3n legal.<\/p>\n<p>Usted tiene derecho a obtener confirmaci\u00f3n sobre si YFER DISTRIBUCI\u00d3N DE FERRETER\u00cdA estamos tratando sus datos personales y por tanto tiene derecho a ejercer sus derechos de acceso, rectificaci\u00f3n, limitaci\u00f3n del tratamiento, portabilidad, oposici\u00f3n al tratamiento y supresi\u00f3n de sus datos as\u00ed como el derecho a presentar una reclamaci\u00f3n ante la Autoridad de Control mediante escrito dirigido a la direcci\u00f3n postal arriba mencionada o electr\u00f3nica info@yfer.es , adjuntando copia del DNI en ambos casos.<\/p>\n<p>Puede contactar con nuestro delegado de Protecci\u00f3n de datos en el siguiente mail: ma.jimenez@grupodaboconsulting.com<\/p>\n<\/div><\/div><\/div><\/div><\/div><\/p>\n","protected":false},"excerpt":{"rendered":"","protected":false},"author":3,"featured_media":0,"parent":0,"menu_order":0,"comment_status":"closed","ping_status":"closed","template":"","meta":{"_acf_changed":false,"_joinchat":[],"footnotes":""},"class_list":["post-22055","page","type-page","status-publish","hentry"],"acf":[],"yoast_head":"<!-- This site is optimized with the Yoast SEO plugin v24.8.1 - https:\/\/yoast.com\/wordpress\/plugins\/seo\/ -->\n<title>Nuevos Clientes - yfer.es<\/title>\n<meta name=\"description\" content=\"En esta p\u00e1gina podr\u00e1s solicitar darte de alta como nuevo cliente en nuestra tienda YFER y as\u00ed consultar toda nuestra gama de producto.\" \/>\n<meta name=\"robots\" content=\"index, follow, max-snippet:-1, max-image-preview:large, max-video-preview:-1\" \/>\n<link rel=\"canonical\" href=\"https:\/\/yfer.es\/index.php\/nuevos-clientes\/\" \/>\n<meta property=\"og:locale\" content=\"es_ES\" \/>\n<meta property=\"og:type\" content=\"article\" \/>\n<meta property=\"og:title\" content=\"Nuevos Clientes - yfer.es\" \/>\n<meta property=\"og:description\" content=\"En esta p\u00e1gina podr\u00e1s solicitar darte de alta como nuevo cliente en nuestra tienda YFER y as\u00ed consultar toda nuestra gama de producto.\" \/>\n<meta property=\"og:url\" content=\"https:\/\/yfer.es\/index.php\/nuevos-clientes\/\" \/>\n<meta property=\"og:site_name\" content=\"yfer.es\" \/>\n<meta property=\"article:modified_time\" content=\"2024-12-11T16:21:28+00:00\" \/>\n<meta name=\"twitter:card\" content=\"summary_large_image\" \/>\n<meta name=\"twitter:label1\" content=\"Tiempo de lectura\" \/>\n\t<meta name=\"twitter:data1\" content=\"2 minutos\" \/>\n<script type=\"application\/ld+json\" class=\"yoast-schema-graph\">{\"@context\":\"https:\/\/schema.org\",\"@graph\":[{\"@type\":\"WebPage\",\"@id\":\"https:\/\/yfer.es\/index.php\/nuevos-clientes\/\",\"url\":\"https:\/\/yfer.es\/index.php\/nuevos-clientes\/\",\"name\":\"Nuevos Clientes - yfer.es\",\"isPartOf\":{\"@id\":\"https:\/\/yfer.es\/#website\"},\"datePublished\":\"2023-12-22T12:34:12+00:00\",\"dateModified\":\"2024-12-11T16:21:28+00:00\",\"description\":\"En esta p\u00e1gina podr\u00e1s solicitar darte de alta como nuevo cliente en nuestra tienda YFER y as\u00ed consultar toda nuestra gama de producto.\",\"breadcrumb\":{\"@id\":\"https:\/\/yfer.es\/index.php\/nuevos-clientes\/#breadcrumb\"},\"inLanguage\":\"es\",\"potentialAction\":[{\"@type\":\"ReadAction\",\"target\":[\"https:\/\/yfer.es\/index.php\/nuevos-clientes\/\"]}]},{\"@type\":\"BreadcrumbList\",\"@id\":\"https:\/\/yfer.es\/index.php\/nuevos-clientes\/#breadcrumb\",\"itemListElement\":[{\"@type\":\"ListItem\",\"position\":1,\"name\":\"Portada\",\"item\":\"https:\/\/yfer.es\/\"},{\"@type\":\"ListItem\",\"position\":2,\"name\":\"Nuevos Clientes\"}]},{\"@type\":\"WebSite\",\"@id\":\"https:\/\/yfer.es\/#website\",\"url\":\"https:\/\/yfer.es\/\",\"name\":\"yfer.es\",\"description\":\"La tienda del profesional del herraje\",\"publisher\":{\"@id\":\"https:\/\/yfer.es\/#organization\"},\"potentialAction\":[{\"@type\":\"SearchAction\",\"target\":{\"@type\":\"EntryPoint\",\"urlTemplate\":\"https:\/\/yfer.es\/?s={search_term_string}\"},\"query-input\":{\"@type\":\"PropertyValueSpecification\",\"valueRequired\":true,\"valueName\":\"search_term_string\"}}],\"inLanguage\":\"es\"},{\"@type\":\"Organization\",\"@id\":\"https:\/\/yfer.es\/#organization\",\"name\":\"Yfer\",\"url\":\"https:\/\/yfer.es\/\",\"logo\":{\"@type\":\"ImageObject\",\"inLanguage\":\"es\",\"@id\":\"https:\/\/yfer.es\/#\/schema\/logo\/image\/\",\"url\":\"https:\/\/yfer.es\/wp-content\/uploads\/2023\/04\/logos_header_80x80black.png\",\"contentUrl\":\"https:\/\/yfer.es\/wp-content\/uploads\/2023\/04\/logos_header_80x80black.png\",\"width\":80,\"height\":80,\"caption\":\"Yfer\"},\"image\":{\"@id\":\"https:\/\/yfer.es\/#\/schema\/logo\/image\/\"}}]}<\/script>\n<!-- \/ Yoast SEO plugin. -->","yoast_head_json":{"title":"Nuevos Clientes - yfer.es","description":"En esta p\u00e1gina podr\u00e1s solicitar darte de alta como nuevo cliente en nuestra tienda YFER y as\u00ed consultar toda nuestra gama de producto.","robots":{"index":"index","follow":"follow","max-snippet":"max-snippet:-1","max-image-preview":"max-image-preview:large","max-video-preview":"max-video-preview:-1"},"canonical":"https:\/\/yfer.es\/index.php\/nuevos-clientes\/","og_locale":"es_ES","og_type":"article","og_title":"Nuevos Clientes - yfer.es","og_description":"En esta p\u00e1gina podr\u00e1s solicitar darte de alta como nuevo cliente en nuestra tienda YFER y as\u00ed consultar toda nuestra gama de producto.","og_url":"https:\/\/yfer.es\/index.php\/nuevos-clientes\/","og_site_name":"yfer.es","article_modified_time":"2024-12-11T16:21:28+00:00","twitter_card":"summary_large_image","twitter_misc":{"Tiempo de lectura":"2 minutos"},"schema":{"@context":"https:\/\/schema.org","@graph":[{"@type":"WebPage","@id":"https:\/\/yfer.es\/index.php\/nuevos-clientes\/","url":"https:\/\/yfer.es\/index.php\/nuevos-clientes\/","name":"Nuevos Clientes - yfer.es","isPartOf":{"@id":"https:\/\/yfer.es\/#website"},"datePublished":"2023-12-22T12:34:12+00:00","dateModified":"2024-12-11T16:21:28+00:00","description":"En esta p\u00e1gina podr\u00e1s solicitar darte de alta como nuevo cliente en nuestra tienda YFER y as\u00ed consultar toda nuestra gama de producto.","breadcrumb":{"@id":"https:\/\/yfer.es\/index.php\/nuevos-clientes\/#breadcrumb"},"inLanguage":"es","potentialAction":[{"@type":"ReadAction","target":["https:\/\/yfer.es\/index.php\/nuevos-clientes\/"]}]},{"@type":"BreadcrumbList","@id":"https:\/\/yfer.es\/index.php\/nuevos-clientes\/#breadcrumb","itemListElement":[{"@type":"ListItem","position":1,"name":"Portada","item":"https:\/\/yfer.es\/"},{"@type":"ListItem","position":2,"name":"Nuevos Clientes"}]},{"@type":"WebSite","@id":"https:\/\/yfer.es\/#website","url":"https:\/\/yfer.es\/","name":"yfer.es","description":"La tienda del profesional del herraje","publisher":{"@id":"https:\/\/yfer.es\/#organization"},"potentialAction":[{"@type":"SearchAction","target":{"@type":"EntryPoint","urlTemplate":"https:\/\/yfer.es\/?s={search_term_string}"},"query-input":{"@type":"PropertyValueSpecification","valueRequired":true,"valueName":"search_term_string"}}],"inLanguage":"es"},{"@type":"Organization","@id":"https:\/\/yfer.es\/#organization","name":"Yfer","url":"https:\/\/yfer.es\/","logo":{"@type":"ImageObject","inLanguage":"es","@id":"https:\/\/yfer.es\/#\/schema\/logo\/image\/","url":"https:\/\/yfer.es\/wp-content\/uploads\/2023\/04\/logos_header_80x80black.png","contentUrl":"https:\/\/yfer.es\/wp-content\/uploads\/2023\/04\/logos_header_80x80black.png","width":80,"height":80,"caption":"Yfer"},"image":{"@id":"https:\/\/yfer.es\/#\/schema\/logo\/image\/"}}]}},"jetpack_sharing_enabled":true,"_links":{"self":[{"href":"https:\/\/yfer.es\/index.php\/wp-json\/wp\/v2\/pages\/22055","targetHints":{"allow":["GET"]}}],"collection":[{"href":"https:\/\/yfer.es\/index.php\/wp-json\/wp\/v2\/pages"}],"about":[{"href":"https:\/\/yfer.es\/index.php\/wp-json\/wp\/v2\/types\/page"}],"author":[{"embeddable":true,"href":"https:\/\/yfer.es\/index.php\/wp-json\/wp\/v2\/users\/3"}],"replies":[{"embeddable":true,"href":"https:\/\/yfer.es\/index.php\/wp-json\/wp\/v2\/comments?post=22055"}],"version-history":[{"count":11,"href":"https:\/\/yfer.es\/index.php\/wp-json\/wp\/v2\/pages\/22055\/revisions"}],"predecessor-version":[{"id":23364,"href":"https:\/\/yfer.es\/index.php\/wp-json\/wp\/v2\/pages\/22055\/revisions\/23364"}],"wp:attachment":[{"href":"https:\/\/yfer.es\/index.php\/wp-json\/wp\/v2\/media?parent=22055"}],"curies":[{"name":"wp","href":"https:\/\/api.w.org\/{rel}","templated":true}]}}